{"id":5063,"date":"2024-03-04T08:41:41","date_gmt":"2024-03-04T08:41:41","guid":{"rendered":"https:\/\/mobitrainee.com\/?page_id=5063"},"modified":"2024-03-07T14:07:50","modified_gmt":"2024-03-07T14:07:50","slug":"erasmus-plus-en-italia","status":"publish","type":"page","link":"https:\/\/mobitrainee.com\/es\/erasmus-plus-en-italia\/","title":{"rendered":"Erasmus plus en Italia"},"content":{"rendered":"<p>Erasmus Plus es un programa creado por la Uni\u00f3n Europea para apoyar la educaci\u00f3n, la formaci\u00f3n, la juventud, el deporte y los eventos culturales que promueven a Europa en todo el mundo.<\/p>\n<p>Entre los destinos Erasmus Plus que son populares entre los estudiantes franceses, Italia ocupa una buena posici\u00f3n con su oferta universitaria de alta calidad, su riqueza cultural y su cercan\u00eda geogr\u00e1fica con Francia.<\/p>\n<p>En este art\u00edculo, te brindamos las claves para entender en qu\u00e9 consiste el programa Erasmus Plus y los beneficios de realizar tu estancia en el extranjero en Italia.<\/p>\n<h2>En qu\u00e9 consiste el programa Erasmus Plus<\/h2>\n<p>Erasmus ofrece a casi 4 millones de estudiantes europeos la oportunidad de estudiar y adquirir experiencia profesional en una red universitaria en el extranjero.<\/p>\n<h3>Facilitar los intercambios entre universidades<\/h3>\n<p>Este programa europeo se esfuerza por crear asociaciones entre universidades para facilitar intercambios y formaciones innovadoras, tanto para las j\u00f3venes generaciones como para los empleados que desean emprender una reconversi\u00f3n profesional.<\/p>\n<p>Erasmus Plus tambi\u00e9n ofrece ayudas financieras para su estancia en Italia con el otorgamiento de becas de estudio durante todo el per\u00edodo de la carrera universitaria en el extranjero.<\/p>\n<h3>Mejorar la experiencia personal y profesional<\/h3>\n<p>Estudiar en Italia es una oportunidad real para desarrollar nuevos conocimientos en tu formaci\u00f3n inicial y abrirte m\u00e1s al mundo. Seg\u00fan numerosos estudios realizados con antiguos estudiantes Erasmus, m\u00e1s de la mitad de ellos regresaron a Italia para perfeccionar su pr\u00e1ctica del italiano o encontrar trabajo en una empresa.<\/p>\n<p>Adem\u00e1s, los reclutadores aprecian especialmente los perfiles de estudiantes con experiencia en movilidad internacional porque son m\u00e1s aut\u00f3nomos y se adaptan m\u00e1s f\u00e1cilmente al mundo laboral.<\/p>\n<p>As\u00ed, participar en el programa Erasmus Plus Italia no es solo un medio pedag\u00f3gico para mejorar tus conocimientos universitarios, sino tambi\u00e9n una ventaja para obtener nuevas oportunidades profesionales.<\/p>\n<h2>Estudiar en Italia con Erasmus Plus<\/h2>\n<p>Italia es conocida por la riqueza de su patrimonio, con sus numerosos sitios hist\u00f3ricos y eventos culturales dedicados a las creaciones art\u00edsticas, adem\u00e1s de su gastronom\u00eda de calidad.<\/p>\n<p>Pero Italia tambi\u00e9n tiene universidades prestigiosas y escuelas enfocadas internacionalmente que atraen cada vez m\u00e1s a estudiantes extranjeros.<\/p>\n<p>Adem\u00e1s, pasar un a\u00f1o de estudios en una universidad italiana te permitir\u00e1 mejorar tus habilidades ling\u00fc\u00edsticas y dominar el italiano en pocos meses.<\/p>\n<h3>Un red universitaria de calidad<\/h3>\n<p>Italia es un pa\u00eds enfocado internacionalmente, no solo por razones multiculturales, sino tambi\u00e9n porque los trabajos de investigaci\u00f3n producidos por sus universidades tienen repercusi\u00f3n en todo el mundo. Los estudiantes interesados en realizar una estancia Erasmus Plus pueden dirigirse a universidades reconocidas como:<\/p>\n<ul>\n<li>Universidad de Bologna<\/li>\n<li>Escuela Polit\u00e9cnica de Mil\u00e1n<\/li>\n<li>Escuela Europea de Econom\u00eda de Florencia<\/li>\n<li>Universidad Sapienza de Roma<\/li>\n<li>Universidad de Macerata<\/li>\n<li>Universidad Ca\u2019Foscari de Venecia<\/li>\n<li>Universidad Cat\u00f3lica de Sacro Cuore<\/li>\n<\/ul>\n<p>Estos establecimientos ofrecen a los estudiantes Erasmus seguir sus estudios en \u00e1reas apropiadas: ciencias de la vida, humanidades, historia, geograf\u00eda, filosof\u00eda, econom\u00eda, marketing, farmacia, medicina, arquitectura, artes aplicadas, etc.<\/p>\n<p>En el aspecto cultural, Italia ha sabido preservar sus numerosos sitios hist\u00f3ricos inscritos en el patrimonio mundial de la UNESCO. Los estudiantes Erasmus disfrutar\u00e1n de los numerosos eventos culturales dedicados a la historia y arte italiano.<\/p>\n<h3>C\u00f3mo postular al programa Erasmus Plus Italia<\/h3>\n<p>Para tu estancia Erasmus, debes seguir una formaci\u00f3n equivalente a la ofrecida en Francia para mantener cierta continuidad en tu formaci\u00f3n.<\/p>\n<h4>Presentar una solicitud de candidatura Erasmus<\/h4>\n<p>Debes presentar una solicitud al secretariado Erasmus de tu universidad de origen, especificando los objetivos del proyecto y explicando la pertinencia de dicha solicitud. Tambi\u00e9n debes mencionar tu inter\u00e9s por los idiomas extranjeros, tu apertura cultural y tu voluntad de descubrir otro entorno social.<\/p>\n<p>Si eres aceptado en el programa Erasmus Plus para unirte a Italia, podr\u00e1s recibir una beca de estudios y ayuda administrativa para tu inscripci\u00f3n en la universidad en el extranjero.<\/p>\n<h4>Visa de estudiante para tu estancia Erasmus en Italia<\/h4>\n<p>Los estudiantes ciudadanos de la Uni\u00f3n Europea no necesitan visa si su estancia en Italia no supera los 3 meses consecutivos, equivalente a un semestre universitario. En este caso, solo se requiere el documento de identidad o pasaporte.<\/p>\n<p>Si la duraci\u00f3n de la estancia es de un a\u00f1o, es obligatorio obtener un permiso de residencia en Italia en la prefectura. Este documento oficial facilitar\u00e1 los tr\u00e1mites administrativos para encontrar alojamiento, abrir una cuenta bancaria o trabajar en una empresa.<\/p>\n<p>Para m\u00e1s informaci\u00f3n:<\/p>\n<ul>\n<li><a href=\"https:\/\/mobitrainee.com\/erasmus-plus\/pays\/allemagne\/\" target=\"_blank\" rel=\"noreferrer noopener\">Erasmus Plus en Alemania<\/a><\/li>\n<li><a href=\"https:\/\/mobitrainee.com\/erasmus-plus\/pays\/belgique\/\" target=\"_blank\" rel=\"noreferrer noopener\">Erasmus Plus en B\u00e9lgica<\/a><\/li>\n<li><a href=\"https:\/\/mobitrainee.com\/erasmus-plus\/pays\/canada\/\" target=\"_blank\" rel=\"noreferrer noopener\">Erasmus Plus en Canad\u00e1<\/a><\/li>\n<li><a href=\"https:\/\/mobitrainee.com\/erasmus-plus\/pays\/espagne\/\" target=\"_blank\" rel=\"noreferrer noopener\">Erasmus Plus en Espa\u00f1a<\/a><\/li>\n<li><a href=\"https:\/\/mobitrainee.com\/erasmus-plus\/pays\/estonie\/\" target=\"_blank\" rel=\"noreferrer noopener\">Erasmus Plus en Estonia<\/a><\/li>\n<li><a href=\"https:\/\/mobitrainee.com\/erasmus-plus\/pays\/finlande\/\" target=\"_blank\" rel=\"noreferrer noopener\">Erasmus Plus en Finlandia<\/a><\/li>\n<li><a href=\"https:\/\/mobitrainee.com\/erasmus-plus\/pays\/france\/\" target=\"_blank\" rel=\"noreferrer noopener\">Erasmus Plus en Francia<\/a><\/li>\n<li><a href=\"https:\/\/mobitrainee.com\/erasmus-plus\/pays\/grece\/\" target=\"_blank\" rel=\"noreferrer noopener\">Erasmus en Grecia<\/a><\/li>\n<li><a href=\"https:\/\/mobitrainee.com\/erasmus-plus\/pays\/erasmus-plus-malte\/\" target=\"_blank\" rel=\"noreferrer noopener\">Erasmus Plus en Malta<\/a><\/li>\n<li><a href=\"https:\/\/mobitrainee.com\/erasmus-plus\/pays\/portugal\/\" target=\"_blank\" rel=\"noreferrer noopener\">Erasmus Plus en Portugal<\/a><\/li>\n<li><a href=\"https:\/\/mobitrainee.com\/erasmus-plus\/pays\/suisse\/\" target=\"_blank\" rel=\"noreferrer noopener\">Erasmus Plus en Suiza<\/a><\/li>\n<\/ul>\n","protected":false},"excerpt":{"rendered":"<p>Erasmus Plus es un programa creado por la Uni\u00f3n Europea para apoyar la educaci\u00f3n, la formaci\u00f3n, la juventud, el deporte y los eventos culturales que promueven a Europa en todo el mundo. Entre los destinos Erasmus Plus que son populares entre los estudiantes franceses, Italia ocupa una buena posici\u00f3n con su oferta universitaria de alta&hellip;<\/p>\n","protected":false},"author":2,"featured_media":0,"parent":0,"menu_order":0,"comment_status":"closed","ping_status":"closed","template":"","meta":{"footnotes":""},"class_list":["post-5063","page","type-page","status-publish","hentry","description-off"],"yoast_head":"<!-- This site is optimized with the Yoast SEO Premium plugin v20.8 (Yoast SEO v27.4) - https:\/\/yoast.com\/product\/yoast-seo-premium-wordpress\/ -->\n<title>Erasmus plus en Italia - Mobi Trainee<\/title>\n<meta name=\"description\" content=\"Descubre c\u00f3mo participar en el programa Erasmus Plus para estudiar en Italia. Obt\u00e9n becas, experiencia internacional y mejora tu perfil profesional\" \/>\n<meta name=\"robots\" content=\"index, follow, max-snippet:-1, max-image-preview:large, max-video-preview:-1\" \/>\n<link rel=\"canonical\" href=\"https:\/\/mobitrainee.com\/es\/erasmus-plus-en-italia\/\" \/>\n<meta property=\"og:locale\" content=\"es_ES\" \/>\n<meta property=\"og:type\" content=\"article\" \/>\n<meta property=\"og:title\" content=\"Erasmus plus en Italia\" \/>\n<meta property=\"og:description\" content=\"Descubre c\u00f3mo participar en el programa Erasmus Plus para estudiar en Italia. Obt\u00e9n becas, experiencia internacional y mejora tu perfil profesional\" \/>\n<meta property=\"og:url\" content=\"https:\/\/mobitrainee.com\/es\/erasmus-plus-en-italia\/\" \/>\n<meta property=\"og:site_name\" content=\"Mobi Trainee\" \/>\n<meta property=\"article:modified_time\" content=\"2024-03-07T14:07:50+00:00\" \/>\n<meta name=\"twitter:card\" content=\"summary_large_image\" \/>\n<meta name=\"twitter:label1\" content=\"Tiempo de lectura\" \/>\n\t<meta name=\"twitter:data1\" content=\"4 minutos\" \/>\n<script type=\"application\/ld+json\" class=\"yoast-schema-graph\">{\"@context\":\"https:\\\/\\\/schema.org\",\"@graph\":[{\"@type\":\"WebPage\",\"@id\":\"https:\\\/\\\/mobitrainee.com\\\/es\\\/erasmus-plus-en-italia\\\/\",\"url\":\"https:\\\/\\\/mobitrainee.com\\\/es\\\/erasmus-plus-en-italia\\\/\",\"name\":\"Erasmus plus en Italia - Mobi Trainee\",\"isPartOf\":{\"@id\":\"https:\\\/\\\/mobitrainee.com\\\/#website\"},\"datePublished\":\"2024-03-04T08:41:41+00:00\",\"dateModified\":\"2024-03-07T14:07:50+00:00\",\"description\":\"Descubre c\u00f3mo participar en el programa Erasmus Plus para estudiar en Italia. Obt\u00e9n becas, experiencia internacional y mejora tu perfil profesional\",\"breadcrumb\":{\"@id\":\"https:\\\/\\\/mobitrainee.com\\\/es\\\/erasmus-plus-en-italia\\\/#breadcrumb\"},\"inLanguage\":\"es\",\"potentialAction\":[{\"@type\":\"ReadAction\",\"target\":[\"https:\\\/\\\/mobitrainee.com\\\/es\\\/erasmus-plus-en-italia\\\/\"]}]},{\"@type\":\"BreadcrumbList\",\"@id\":\"https:\\\/\\\/mobitrainee.com\\\/es\\\/erasmus-plus-en-italia\\\/#breadcrumb\",\"itemListElement\":[{\"@type\":\"ListItem\",\"position\":1,\"name\":\"Accueil\",\"item\":\"https:\\\/\\\/mobitrainee.com\\\/es\\\/\"},{\"@type\":\"ListItem\",\"position\":2,\"name\":\"Erasmus plus en Italia\"}]},{\"@type\":\"WebSite\",\"@id\":\"https:\\\/\\\/mobitrainee.com\\\/#website\",\"url\":\"https:\\\/\\\/mobitrainee.com\\\/\",\"name\":\"Mobi Trainee\",\"description\":\"Experts en mobilit\u00e9s en stage Erasmus+\",\"potentialAction\":[{\"@type\":\"SearchAction\",\"target\":{\"@type\":\"EntryPoint\",\"urlTemplate\":\"https:\\\/\\\/mobitrainee.com\\\/?s={search_term_string}\"},\"query-input\":{\"@type\":\"PropertyValueSpecification\",\"valueRequired\":true,\"valueName\":\"search_term_string\"}}],\"inLanguage\":\"es\"}]}<\/script>\n<!-- \/ Yoast SEO Premium plugin. -->","yoast_head_json":{"title":"Erasmus plus en Italia - Mobi Trainee","description":"Descubre c\u00f3mo participar en el programa Erasmus Plus para estudiar en Italia. Obt\u00e9n becas, experiencia internacional y mejora tu perfil profesional","robots":{"index":"index","follow":"follow","max-snippet":"max-snippet:-1","max-image-preview":"max-image-preview:large","max-video-preview":"max-video-preview:-1"},"canonical":"https:\/\/mobitrainee.com\/es\/erasmus-plus-en-italia\/","og_locale":"es_ES","og_type":"article","og_title":"Erasmus plus en Italia","og_description":"Descubre c\u00f3mo participar en el programa Erasmus Plus para estudiar en Italia. Obt\u00e9n becas, experiencia internacional y mejora tu perfil profesional","og_url":"https:\/\/mobitrainee.com\/es\/erasmus-plus-en-italia\/","og_site_name":"Mobi Trainee","article_modified_time":"2024-03-07T14:07:50+00:00","twitter_card":"summary_large_image","twitter_misc":{"Tiempo de lectura":"4 minutos"},"schema":{"@context":"https:\/\/schema.org","@graph":[{"@type":"WebPage","@id":"https:\/\/mobitrainee.com\/es\/erasmus-plus-en-italia\/","url":"https:\/\/mobitrainee.com\/es\/erasmus-plus-en-italia\/","name":"Erasmus plus en Italia - Mobi Trainee","isPartOf":{"@id":"https:\/\/mobitrainee.com\/#website"},"datePublished":"2024-03-04T08:41:41+00:00","dateModified":"2024-03-07T14:07:50+00:00","description":"Descubre c\u00f3mo participar en el programa Erasmus Plus para estudiar en Italia. Obt\u00e9n becas, experiencia internacional y mejora tu perfil profesional","breadcrumb":{"@id":"https:\/\/mobitrainee.com\/es\/erasmus-plus-en-italia\/#breadcrumb"},"inLanguage":"es","potentialAction":[{"@type":"ReadAction","target":["https:\/\/mobitrainee.com\/es\/erasmus-plus-en-italia\/"]}]},{"@type":"BreadcrumbList","@id":"https:\/\/mobitrainee.com\/es\/erasmus-plus-en-italia\/#breadcrumb","itemListElement":[{"@type":"ListItem","position":1,"name":"Accueil","item":"https:\/\/mobitrainee.com\/es\/"},{"@type":"ListItem","position":2,"name":"Erasmus plus en Italia"}]},{"@type":"WebSite","@id":"https:\/\/mobitrainee.com\/#website","url":"https:\/\/mobitrainee.com\/","name":"Mobi Trainee","description":"Experts en mobilit\u00e9s en stage Erasmus+","potentialAction":[{"@type":"SearchAction","target":{"@type":"EntryPoint","urlTemplate":"https:\/\/mobitrainee.com\/?s={search_term_string}"},"query-input":{"@type":"PropertyValueSpecification","valueRequired":true,"valueName":"search_term_string"}}],"inLanguage":"es"}]}},"_links":{"self":[{"href":"https:\/\/mobitrainee.com\/es\/wp-json\/wp\/v2\/pages\/5063","targetHints":{"allow":["GET"]}}],"collection":[{"href":"https:\/\/mobitrainee.com\/es\/wp-json\/wp\/v2\/pages"}],"about":[{"href":"https:\/\/mobitrainee.com\/es\/wp-json\/wp\/v2\/types\/page"}],"author":[{"embeddable":true,"href":"https:\/\/mobitrainee.com\/es\/wp-json\/wp\/v2\/users\/2"}],"replies":[{"embeddable":true,"href":"https:\/\/mobitrainee.com\/es\/wp-json\/wp\/v2\/comments?post=5063"}],"version-history":[{"count":3,"href":"https:\/\/mobitrainee.com\/es\/wp-json\/wp\/v2\/pages\/5063\/revisions"}],"predecessor-version":[{"id":5077,"href":"https:\/\/mobitrainee.com\/es\/wp-json\/wp\/v2\/pages\/5063\/revisions\/5077"}],"wp:attachment":[{"href":"https:\/\/mobitrainee.com\/es\/wp-json\/wp\/v2\/media?parent=5063"}],"curies":[{"name":"wp","href":"https:\/\/api.w.org\/{rel}","templated":true}]}}