{"id":4985,"date":"2024-02-12T18:17:05","date_gmt":"2024-02-12T18:17:05","guid":{"rendered":"https:\/\/mobitrainee.com\/?page_id=4985"},"modified":"2024-03-21T11:47:05","modified_gmt":"2024-03-21T11:47:05","slug":"el-programa-jean-monnet","status":"publish","type":"page","link":"https:\/\/mobitrainee.com\/es\/el-programa-jean-monnet\/","title":{"rendered":"El programa Jean Monnet"},"content":{"rendered":"\r\n<p>El Programa Jean Monnet es una iniciativa de la Uni\u00f3n Europea destinada a <strong>promover la ense\u00f1anza, la investigaci\u00f3n y la reflexi\u00f3n sobre la integraci\u00f3n europea en instituciones de educaci\u00f3n superior.<\/strong><\/p>\r\n\r\n\r\n\r\n<p>Lleva el nombre de Jean Monnet, un franc\u00e9s considerado por muchos como uno de los padres de Europa. Es uno de los 4 pilares principales del programa Erasmus+. Por s\u00ed sola, la fundaci\u00f3n posee <strong>el 1% del presupuesto anual,<\/strong> es decir, 14 millones de euros en 2021.<\/p>\r\n\r\n\r\n\r\n<h2 class=\"wp-block-heading\">Una estrategia m\u00e1s internacional<\/h2>\r\n\r\n\r\n\r\n<p>A diferencia del resto del programa Erasmus+, el proyecto Jean Monnet prev\u00e9 fondos adicionales para aumentar la participaci\u00f3n de instituciones de educaci\u00f3n superior de <strong>pa\u00edses fuera de la Uni\u00f3n Europea.<\/strong><\/p>\r\n\r\n\r\n\r\n<p>El programa implementa acciones para la educaci\u00f3n superior. El objetivo es promover Europa en su conjunto, con un \u00e9nfasis particular en la dimensi\u00f3n europea, tanto interna como globalmente. Tienen como objetivo promover una ciudadan\u00eda, valores europeos activos y abordar el papel de la Uni\u00f3n Europea en un mundo globalizado.<\/p>\r\n\r\n\r\n\r\n<p>La acci\u00f3n Jean Monnet tambi\u00e9n se esfuerza por servir como <strong>un veh\u00edculo de diplomacia p\u00fablica<\/strong> hacia pa\u00edses terceros, promoviendo los valores de la UE y aumentando la visibilidad de lo que representa la Uni\u00f3n Europea y lo que pretende lograr.<\/p>\r\n\r\n\r\n\r\n<h2 class=\"wp-block-heading\">Un programa para estudiantes y tambi\u00e9n para profesores<\/h2>\r\n\r\n\r\n\r\n<p>El aprendizaje de los objetivos y el funcionamiento de la Uni\u00f3n Europea es un elemento importante en la promoci\u00f3n de la ciudadan\u00eda activa y los valores comunes de libertad, tolerancia y no discriminaci\u00f3n.<\/p>\r\n\r\n\r\n\r\n<p>Existe una falta generalizada de conocimiento sobre la Uni\u00f3n Europea y mucha desinformaci\u00f3n, lo que a su vez aumenta el desencanto de las personas hacia la Uni\u00f3n y sus pol\u00edticas.<\/p>\r\n\r\n\r\n\r\n<p>Por lo tanto, el programa Jean Monnet prev\u00e9 <strong>formaciones para maestros y formadores<\/strong> interesados en participar en oportunidades en el extranjero para su propio desarrollo profesional. Las formaciones se centran en varios tipos de habilidades: <strong>desarrollar un ambiente de clase inclusivo utilizando tecnolog\u00edas de la informaci\u00f3n y la comunicaci\u00f3n, y ense\u00f1ar en clases multiling\u00fces y multiculturales.<\/strong><\/p>\r\n\r\n\r\n\r\n<p>Las instituciones de educaci\u00f3n superior o los institutos y agencias de formaci\u00f3n de profesores organizar\u00e1n actividades en el marco de esta acci\u00f3n para permitir que los maestros de escuelas y los proveedores de educaci\u00f3n y formaci\u00f3n profesional desarrollen nuevas habilidades, ense\u00f1en y se involucren en asuntos europeos, haci\u00e9ndolos aut\u00f3nomos mediante una mejor comprensi\u00f3n de la UE y su funcionamiento.<\/p>\r\n\r\n\r\n\r\n<h2 class=\"wp-block-heading\">Su Historia<\/h2>\r\n\r\n\r\n\r\n<p>La iniciativa se lanz\u00f3 en 1990 y no fue hasta 2001 que se abri\u00f3 a instituciones de educaci\u00f3n superior de todo el mundo. En 2007, el programa se integr\u00f3 al programa LLP de la UE en educaci\u00f3n. En 2014, Jean Monnet se convirti\u00f3 en parte del programa Erasmus+ y se reservaron fondos adicionales para aumentar la participaci\u00f3n de instituciones de educaci\u00f3n superior de pa\u00edses fuera de la Uni\u00f3n Europea en el marco del instrumento de asociaci\u00f3n de la UE.<\/p>\r\n\r\n\r\n\r\n<p>&nbsp;<\/p>\r\n\r\n\r\n\r\n<p>Por \u00faltimo, si deseas m\u00e1s informaci\u00f3n, te invitamos a visitar <a href=\"https:\/\/info.erasmusplus.fr\/\">el sitio de Erasmus+<\/a>.<\/p>\r\n","protected":false},"excerpt":{"rendered":"<p>El Programa Jean Monnet es una iniciativa de la Uni\u00f3n Europea destinada a promover la ense\u00f1anza, la investigaci\u00f3n y la reflexi\u00f3n sobre la integraci\u00f3n europea en instituciones de educaci\u00f3n superior. Lleva el nombre de Jean Monnet, un franc\u00e9s considerado por muchos como uno de los padres de Europa. Es uno de los 4 pilares principales&hellip;<\/p>\n","protected":false},"author":2,"featured_media":3255,"parent":0,"menu_order":1,"comment_status":"closed","ping_status":"closed","template":"","meta":{"footnotes":""},"class_list":["post-4985","page","type-page","status-publish","has-post-thumbnail","hentry","description-off"],"yoast_head":"<!-- This site is optimized with the Yoast SEO Premium plugin v20.8 (Yoast SEO v27.3) - https:\/\/yoast.com\/product\/yoast-seo-premium-wordpress\/ -->\n<title>El programa Jean Monnet - Mobi Trainee<\/title>\n<meta name=\"description\" content=\"Descubre el programa Jean Monnet en Mobitrainee. Explora oportunidades educativas y de investigaci\u00f3n en el \u00e1mbito de los estudios europeos, promoviendo la integraci\u00f3n y el entendimiento de la UE.\" \/>\n<meta name=\"robots\" content=\"index, follow, max-snippet:-1, max-image-preview:large, max-video-preview:-1\" \/>\n<link rel=\"canonical\" href=\"https:\/\/mobitrainee.com\/es\/el-programa-jean-monnet\/\" \/>\n<meta property=\"og:locale\" content=\"es_ES\" \/>\n<meta property=\"og:type\" content=\"article\" \/>\n<meta property=\"og:title\" content=\"El programa Jean Monnet\" \/>\n<meta property=\"og:description\" content=\"Descubre el programa Jean Monnet en Mobitrainee. Explora oportunidades educativas y de investigaci\u00f3n en el \u00e1mbito de los estudios europeos, promoviendo la integraci\u00f3n y el entendimiento de la UE.\" \/>\n<meta property=\"og:url\" content=\"https:\/\/mobitrainee.com\/es\/el-programa-jean-monnet\/\" \/>\n<meta property=\"og:site_name\" content=\"Mobi Trainee\" \/>\n<meta property=\"article:modified_time\" content=\"2024-03-21T11:47:05+00:00\" \/>\n<meta property=\"og:image\" content=\"https:\/\/mobitrainee.com\/wp-content\/uploads\/2021\/09\/Jean-Monnet.jpeg\" \/>\n\t<meta property=\"og:image:width\" content=\"400\" \/>\n\t<meta property=\"og:image:height\" content=\"327\" \/>\n\t<meta property=\"og:image:type\" content=\"image\/jpeg\" \/>\n<meta name=\"twitter:card\" content=\"summary_large_image\" \/>\n<meta name=\"twitter:label1\" content=\"Tiempo de lectura\" \/>\n\t<meta name=\"twitter:data1\" content=\"3 minutos\" \/>\n<script type=\"application\/ld+json\" class=\"yoast-schema-graph\">{\"@context\":\"https:\\\/\\\/schema.org\",\"@graph\":[{\"@type\":\"WebPage\",\"@id\":\"https:\\\/\\\/mobitrainee.com\\\/es\\\/el-programa-jean-monnet\\\/\",\"url\":\"https:\\\/\\\/mobitrainee.com\\\/es\\\/el-programa-jean-monnet\\\/\",\"name\":\"El programa Jean Monnet - Mobi Trainee\",\"isPartOf\":{\"@id\":\"https:\\\/\\\/mobitrainee.com\\\/#website\"},\"primaryImageOfPage\":{\"@id\":\"https:\\\/\\\/mobitrainee.com\\\/es\\\/el-programa-jean-monnet\\\/#primaryimage\"},\"image\":{\"@id\":\"https:\\\/\\\/mobitrainee.com\\\/es\\\/el-programa-jean-monnet\\\/#primaryimage\"},\"thumbnailUrl\":\"https:\\\/\\\/mobitrainee.com\\\/wp-content\\\/uploads\\\/2021\\\/09\\\/Jean-Monnet.jpeg\",\"datePublished\":\"2024-02-12T18:17:05+00:00\",\"dateModified\":\"2024-03-21T11:47:05+00:00\",\"description\":\"Descubre el programa Jean Monnet en Mobitrainee. Explora oportunidades educativas y de investigaci\u00f3n en el \u00e1mbito de los estudios europeos, promoviendo la integraci\u00f3n y el entendimiento de la UE.\",\"breadcrumb\":{\"@id\":\"https:\\\/\\\/mobitrainee.com\\\/es\\\/el-programa-jean-monnet\\\/#breadcrumb\"},\"inLanguage\":\"es\",\"potentialAction\":[{\"@type\":\"ReadAction\",\"target\":[\"https:\\\/\\\/mobitrainee.com\\\/es\\\/el-programa-jean-monnet\\\/\"]}]},{\"@type\":\"ImageObject\",\"inLanguage\":\"es\",\"@id\":\"https:\\\/\\\/mobitrainee.com\\\/es\\\/el-programa-jean-monnet\\\/#primaryimage\",\"url\":\"https:\\\/\\\/mobitrainee.com\\\/wp-content\\\/uploads\\\/2021\\\/09\\\/Jean-Monnet.jpeg\",\"contentUrl\":\"https:\\\/\\\/mobitrainee.com\\\/wp-content\\\/uploads\\\/2021\\\/09\\\/Jean-Monnet.jpeg\",\"width\":400,\"height\":327,\"caption\":\"Fondation Jean Monnet\"},{\"@type\":\"BreadcrumbList\",\"@id\":\"https:\\\/\\\/mobitrainee.com\\\/es\\\/el-programa-jean-monnet\\\/#breadcrumb\",\"itemListElement\":[{\"@type\":\"ListItem\",\"position\":1,\"name\":\"Accueil\",\"item\":\"https:\\\/\\\/mobitrainee.com\\\/es\\\/\"},{\"@type\":\"ListItem\",\"position\":2,\"name\":\"El programa Jean Monnet\"}]},{\"@type\":\"WebSite\",\"@id\":\"https:\\\/\\\/mobitrainee.com\\\/#website\",\"url\":\"https:\\\/\\\/mobitrainee.com\\\/\",\"name\":\"Mobi Trainee\",\"description\":\"Experts en mobilit\u00e9s en stage Erasmus+\",\"potentialAction\":[{\"@type\":\"SearchAction\",\"target\":{\"@type\":\"EntryPoint\",\"urlTemplate\":\"https:\\\/\\\/mobitrainee.com\\\/?s={search_term_string}\"},\"query-input\":{\"@type\":\"PropertyValueSpecification\",\"valueRequired\":true,\"valueName\":\"search_term_string\"}}],\"inLanguage\":\"es\"}]}<\/script>\n<!-- \/ Yoast SEO Premium plugin. -->","yoast_head_json":{"title":"El programa Jean Monnet - Mobi Trainee","description":"Descubre el programa Jean Monnet en Mobitrainee. Explora oportunidades educativas y de investigaci\u00f3n en el \u00e1mbito de los estudios europeos, promoviendo la integraci\u00f3n y el entendimiento de la UE.","robots":{"index":"index","follow":"follow","max-snippet":"max-snippet:-1","max-image-preview":"max-image-preview:large","max-video-preview":"max-video-preview:-1"},"canonical":"https:\/\/mobitrainee.com\/es\/el-programa-jean-monnet\/","og_locale":"es_ES","og_type":"article","og_title":"El programa Jean Monnet","og_description":"Descubre el programa Jean Monnet en Mobitrainee. Explora oportunidades educativas y de investigaci\u00f3n en el \u00e1mbito de los estudios europeos, promoviendo la integraci\u00f3n y el entendimiento de la UE.","og_url":"https:\/\/mobitrainee.com\/es\/el-programa-jean-monnet\/","og_site_name":"Mobi Trainee","article_modified_time":"2024-03-21T11:47:05+00:00","og_image":[{"width":400,"height":327,"url":"https:\/\/mobitrainee.com\/wp-content\/uploads\/2021\/09\/Jean-Monnet.jpeg","type":"image\/jpeg"}],"twitter_card":"summary_large_image","twitter_misc":{"Tiempo de lectura":"3 minutos"},"schema":{"@context":"https:\/\/schema.org","@graph":[{"@type":"WebPage","@id":"https:\/\/mobitrainee.com\/es\/el-programa-jean-monnet\/","url":"https:\/\/mobitrainee.com\/es\/el-programa-jean-monnet\/","name":"El programa Jean Monnet - Mobi Trainee","isPartOf":{"@id":"https:\/\/mobitrainee.com\/#website"},"primaryImageOfPage":{"@id":"https:\/\/mobitrainee.com\/es\/el-programa-jean-monnet\/#primaryimage"},"image":{"@id":"https:\/\/mobitrainee.com\/es\/el-programa-jean-monnet\/#primaryimage"},"thumbnailUrl":"https:\/\/mobitrainee.com\/wp-content\/uploads\/2021\/09\/Jean-Monnet.jpeg","datePublished":"2024-02-12T18:17:05+00:00","dateModified":"2024-03-21T11:47:05+00:00","description":"Descubre el programa Jean Monnet en Mobitrainee. Explora oportunidades educativas y de investigaci\u00f3n en el \u00e1mbito de los estudios europeos, promoviendo la integraci\u00f3n y el entendimiento de la UE.","breadcrumb":{"@id":"https:\/\/mobitrainee.com\/es\/el-programa-jean-monnet\/#breadcrumb"},"inLanguage":"es","potentialAction":[{"@type":"ReadAction","target":["https:\/\/mobitrainee.com\/es\/el-programa-jean-monnet\/"]}]},{"@type":"ImageObject","inLanguage":"es","@id":"https:\/\/mobitrainee.com\/es\/el-programa-jean-monnet\/#primaryimage","url":"https:\/\/mobitrainee.com\/wp-content\/uploads\/2021\/09\/Jean-Monnet.jpeg","contentUrl":"https:\/\/mobitrainee.com\/wp-content\/uploads\/2021\/09\/Jean-Monnet.jpeg","width":400,"height":327,"caption":"Fondation Jean Monnet"},{"@type":"BreadcrumbList","@id":"https:\/\/mobitrainee.com\/es\/el-programa-jean-monnet\/#breadcrumb","itemListElement":[{"@type":"ListItem","position":1,"name":"Accueil","item":"https:\/\/mobitrainee.com\/es\/"},{"@type":"ListItem","position":2,"name":"El programa Jean Monnet"}]},{"@type":"WebSite","@id":"https:\/\/mobitrainee.com\/#website","url":"https:\/\/mobitrainee.com\/","name":"Mobi Trainee","description":"Experts en mobilit\u00e9s en stage Erasmus+","potentialAction":[{"@type":"SearchAction","target":{"@type":"EntryPoint","urlTemplate":"https:\/\/mobitrainee.com\/?s={search_term_string}"},"query-input":{"@type":"PropertyValueSpecification","valueRequired":true,"valueName":"search_term_string"}}],"inLanguage":"es"}]}},"_links":{"self":[{"href":"https:\/\/mobitrainee.com\/es\/wp-json\/wp\/v2\/pages\/4985","targetHints":{"allow":["GET"]}}],"collection":[{"href":"https:\/\/mobitrainee.com\/es\/wp-json\/wp\/v2\/pages"}],"about":[{"href":"https:\/\/mobitrainee.com\/es\/wp-json\/wp\/v2\/types\/page"}],"author":[{"embeddable":true,"href":"https:\/\/mobitrainee.com\/es\/wp-json\/wp\/v2\/users\/2"}],"replies":[{"embeddable":true,"href":"https:\/\/mobitrainee.com\/es\/wp-json\/wp\/v2\/comments?post=4985"}],"version-history":[{"count":1,"href":"https:\/\/mobitrainee.com\/es\/wp-json\/wp\/v2\/pages\/4985\/revisions"}],"predecessor-version":[{"id":4987,"href":"https:\/\/mobitrainee.com\/es\/wp-json\/wp\/v2\/pages\/4985\/revisions\/4987"}],"wp:featuredmedia":[{"embeddable":true,"href":"https:\/\/mobitrainee.com\/es\/wp-json\/wp\/v2\/media\/3255"}],"wp:attachment":[{"href":"https:\/\/mobitrainee.com\/es\/wp-json\/wp\/v2\/media?parent=4985"}],"curies":[{"name":"wp","href":"https:\/\/api.w.org\/{rel}","templated":true}]}}